{"id":13922,"date":"2022-03-29T14:17:11","date_gmt":"2022-03-29T14:17:11","guid":{"rendered":"https:\/\/ahpcc.ro\/?page_id=13922"},"modified":"2025-11-24T12:19:26","modified_gmt":"2025-11-24T12:19:26","slug":"despre-noi","status":"publish","type":"page","link":"https:\/\/ahpcc.ro\/en\/despre-noi\/","title":{"rendered":"Despre noi"},"content":{"rendered":"<div data-elementor-type=\"wp-page\" data-elementor-id=\"13922\" class=\"elementor elementor-13922\">\n\t\t\t\t\t\t<section class=\"elementor-section elementor-top-section elementor-element elementor-element-15c35a0 elementor-section-boxed elementor-section-height-default elementor-section-height-default\" data-id=\"15c35a0\" data-element_type=\"section\">\n\t\t\t\t\t\t<div class=\"elementor-container elementor-column-gap-default\">\n\t\t\t\t\t<div class=\"elementor-column elementor-col-100 elementor-top-column elementor-element elementor-element-f11c5b7\" data-id=\"f11c5b7\" data-element_type=\"column\">\n\t\t\t<div class=\"elementor-widget-wrap elementor-element-populated\">\n\t\t\t\t\t\t<div class=\"elementor-element elementor-element-4140ee0 elementor-widget elementor-widget-text-editor\" data-id=\"4140ee0\" data-element_type=\"widget\" data-widget_type=\"text-editor.default\">\n\t\t\t\t<div class=\"elementor-widget-container\">\n\t\t\t\t\t\t\t\t\t<p>Asocia\u0163ia de Hipnoterapie \u015fi Psihoterapie Cognitiv-Comportamental\u0103 (AHPCC) a fost \u00eenfiin\u0163at\u0103 \u00een anul 2006 ca asocia\u0163ie profesional\u0103 \u015fi are ca scop sus\u0163inerea, dezvoltarea \u015fi promovarea psihotarapiei ca \u015ftiin\u0163\u0103 \u015fi ca profesie.<\/p>\t\t\t\t\t\t\t\t<\/div>\n\t\t\t\t<\/div>\n\t\t\t\t\t<\/div>\n\t\t<\/div>\n\t\t\t\t\t<\/div>\n\t\t<\/section>\n\t\t\t\t<section class=\"elementor-section elementor-top-section elementor-element elementor-element-23c57e3 elementor-section-stretched elementor-section-boxed elementor-section-height-default elementor-section-height-default\" data-id=\"23c57e3\" data-element_type=\"section\" data-settings=\"{&quot;background_background&quot;:&quot;classic&quot;,&quot;stretch_section&quot;:&quot;section-stretched&quot;,&quot;shape_divider_top&quot;:&quot;zigzag&quot;,&quot;shape_divider_bottom&quot;:&quot;zigzag&quot;}\">\n\t\t\t\t\t\t\t<div class=\"elementor-background-overlay\"><\/div>\n\t\t\t\t\t\t<div class=\"elementor-shape elementor-shape-top\" aria-hidden=\"true\" data-negative=\"false\">\n\t\t\t<svg xmlns=\"http:\/\/www.w3.org\/2000\/svg\" viewbox=\"0 0 1800 5.8\" preserveaspectratio=\"none\">\n  <path class=\"elementor-shape-fill\" d=\"M5.4.4l5.4 5.3L16.5.4l5.4 5.3L27.5.4 33 5.7 38.6.4l5.5 5.4h.1L49.9.4l5.4 5.3L60.9.4l5.5 5.3L72 .4l5.5 5.3L83.1.4l5.4 5.3L94.1.4l5.5 5.4h.2l5.6-5.4 5.5 5.3 5.6-5.3 5.4 5.3 5.6-5.3 5.5 5.3 5.6-5.3 5.5 5.4h.2l5.6-5.4 5.4 5.3L161 .4l5.4 5.3L172 .4l5.5 5.3 5.6-5.3 5.4 5.3 5.7-5.3 5.4 5.4h.2l5.6-5.4 5.5 5.3 5.6-5.3 5.5 5.3 5.6-5.3 5.4 5.3 5.6-5.3 5.5 5.4h.2l5.6-5.4 5.5 5.3L261 .4l5.4 5.3L272 .4l5.5 5.3 5.6-5.3 5.5 5.3 5.6-5.3 5.5 5.4h.1l5.7-5.4 5.4 5.3 5.6-5.3 5.5 5.3 5.6-5.3 5.4 5.3 5.7-5.3 5.4 5.4h.2l5.6-5.4 5.5 5.3L361 .4l5.5 5.3 5.6-5.3 5.4 5.3 5.6-5.3 5.5 5.3 5.6-5.3 5.5 5.4h.1l5.7-5.4 5.4 5.3 5.6-5.3 5.5 5.3 5.6-5.3 5.5 5.3 5.6-5.3 5.5 5.4h.1l5.6-5.4 5.5 5.3L461 .4l5.5 5.3 5.6-5.3 5.4 5.3 5.7-5.3 5.4 5.3 5.6-5.3 5.5 5.4h.2l5.6-5.4 5.5 5.3 5.6-5.3 5.4 5.3 5.6-5.3 5.5 5.3 5.6-5.3 5.5 5.4h.1L550 .4l5.4 5.3L561 .4l5.5 5.3 5.6-5.3 5.5 5.3 5.6-5.3 5.4 5.3 5.6-5.3 5.5 5.4h.2l5.6-5.4 5.5 5.3 5.6-5.3 5.4 5.3 5.7-5.3 5.4 5.3 5.6-5.3 5.5 5.4h.2L650 .4l5.5 5.3 5.6-5.3 5.4 5.3 5.6-5.3 5.5 5.3 5.6-5.3 5.5 5.3 5.6-5.3 5.4 5.4h.2l5.6-5.4 5.5 5.3 5.6-5.3 5.5 5.3 5.6-5.3 5.4 5.3 5.6-5.3 5.5 5.4h.2L750 .4l5.5 5.3 5.6-5.3 5.4 5.3 5.7-5.3 5.4 5.3 5.6-5.3 5.5 5.3 5.6-5.3 5.5 5.4h.1l5.7-5.4 5.4 5.3 5.6-5.3 5.5 5.3 5.6-5.3 5.5 5.3 5.6-5.3 5.4 5.4h.2L850 .4l5.5 5.3 5.6-5.3 5.5 5.3 5.6-5.3 5.4 5.3 5.6-5.3 5.5 5.3 5.6-5.3 5.5 5.4h.2l5.6-5.4 5.4 5.3 5.7-5.3 5.4 5.3 5.6-5.3 5.5 5.3 5.6-5.3 5.5 5.4h.1l5.7-5.4 5.4 5.3 5.6-5.3 5.5 5.3 5.6-5.3 5.5 5.3 5.6-5.3 5.4 5.3 5.6-5.3 5.5 5.4h.2l5.6-5.4 5.5 5.3 5.6-5.3 5.4 5.3 5.6-5.3 5.5 5.3 5.6-5.3 5.5 5.4h.2l5.6-5.4 5.4 5.3 5.7-5.3 5.4 5.3 5.6-5.3 5.5 5.3 5.6-5.3 5.5 5.3 5.6-5.3 5.4 5.4h.2l5.6-5.4 5.5 5.3 5.6-5.3 5.5 5.3 5.6-5.3 5.4 5.3 5.6-5.3 5.5 5.4h.2l5.6-5.4 5.5 5.3 5.6-5.3 5.4 5.3 5.6-5.3 5.5 5.3 5.6-5.3 5.5 5.3 5.6-5.3 5.5 5.4h.1l5.7-5.4 5.4 5.3 5.6-5.3 5.5 5.3 5.6-5.3 5.5 5.3 5.6-5.3 5.4 5.4h.2l5.6-5.4 5.5 5.3 5.6-5.3 5.5 5.3 5.6-5.3 5.4 5.3 5.6-5.3 5.5 5.3 5.6-5.3 5.5 5.4h.2l5.6-5.4 5.4 5.3 5.6-5.3 5.5 5.3 5.6-5.3 5.5 5.3 5.6-5.3 5.5 5.4h.1l5.7-5.4 5.4 5.3 5.6-5.3 5.5 5.3 5.6-5.3 5.5 5.3 5.6-5.3 5.4 5.3 5.6-5.3 5.5 5.4h.2l5.6-5.4 5.5 5.3 5.6-5.3 5.4 5.3 5.6-5.3 5.5 5.3 5.6-5.3 5.5 5.4h.2l5.6-5.4 5.4 5.3 5.6-5.3 5.5 5.3 5.6-5.3 5.5 5.3 5.6-5.3 5.4 5.3 5.7-5.3 5.4 5.4h.2l5.6-5.4 5.5 5.3 5.6-5.3 5.5 5.3 5.6-5.3 5.4 5.3 5.6-5.3 5.5 5.4h.2l5.6-5.4 5.5 5.3 5.6-5.3 5.4 5.3 5.6-5.3 5.5 5.3 5.6-5.3 5.5 5.3 5.6-5.3 5.5 5.4h.1l5.6-5.4 5.5 5.3 5.6-5.3 5.5 5.3 5.6-5.3 5.4 5.3 5.7-5.3 5.4 5.4h.2l5.6-5.4 5.5 5.3 5.6-5.3 5.5 5.3 5.6-5.3 5.4 5.3 5.6-5.3 5.5 5.3 5.6-5.3 5.5 5.4h.1l5.7-5.4 5.4 5.3 5.6-5.3 5.5 5.3 5.6-5.3 5.5 5.3 5.6-5.3 5.5 5.4h.1l5.6-5.4 5.5 5.3 5.6-5.3 5.5 5.3 5.6-5.3 5.4 5.3 5.7-5.3 5.4 5.3 5.6-5.3 5.5 5.4V0H-.2v5.8z\"\/>\n<\/svg>\n\t\t<\/div>\n\t\t\t\t<div class=\"elementor-shape elementor-shape-bottom\" aria-hidden=\"true\" data-negative=\"false\">\n\t\t\t<svg xmlns=\"http:\/\/www.w3.org\/2000\/svg\" viewbox=\"0 0 1800 5.8\" preserveaspectratio=\"none\">\n  <path class=\"elementor-shape-fill\" d=\"M5.4.4l5.4 5.3L16.5.4l5.4 5.3L27.5.4 33 5.7 38.6.4l5.5 5.4h.1L49.9.4l5.4 5.3L60.9.4l5.5 5.3L72 .4l5.5 5.3L83.1.4l5.4 5.3L94.1.4l5.5 5.4h.2l5.6-5.4 5.5 5.3 5.6-5.3 5.4 5.3 5.6-5.3 5.5 5.3 5.6-5.3 5.5 5.4h.2l5.6-5.4 5.4 5.3L161 .4l5.4 5.3L172 .4l5.5 5.3 5.6-5.3 5.4 5.3 5.7-5.3 5.4 5.4h.2l5.6-5.4 5.5 5.3 5.6-5.3 5.5 5.3 5.6-5.3 5.4 5.3 5.6-5.3 5.5 5.4h.2l5.6-5.4 5.5 5.3L261 .4l5.4 5.3L272 .4l5.5 5.3 5.6-5.3 5.5 5.3 5.6-5.3 5.5 5.4h.1l5.7-5.4 5.4 5.3 5.6-5.3 5.5 5.3 5.6-5.3 5.4 5.3 5.7-5.3 5.4 5.4h.2l5.6-5.4 5.5 5.3L361 .4l5.5 5.3 5.6-5.3 5.4 5.3 5.6-5.3 5.5 5.3 5.6-5.3 5.5 5.4h.1l5.7-5.4 5.4 5.3 5.6-5.3 5.5 5.3 5.6-5.3 5.5 5.3 5.6-5.3 5.5 5.4h.1l5.6-5.4 5.5 5.3L461 .4l5.5 5.3 5.6-5.3 5.4 5.3 5.7-5.3 5.4 5.3 5.6-5.3 5.5 5.4h.2l5.6-5.4 5.5 5.3 5.6-5.3 5.4 5.3 5.6-5.3 5.5 5.3 5.6-5.3 5.5 5.4h.1L550 .4l5.4 5.3L561 .4l5.5 5.3 5.6-5.3 5.5 5.3 5.6-5.3 5.4 5.3 5.6-5.3 5.5 5.4h.2l5.6-5.4 5.5 5.3 5.6-5.3 5.4 5.3 5.7-5.3 5.4 5.3 5.6-5.3 5.5 5.4h.2L650 .4l5.5 5.3 5.6-5.3 5.4 5.3 5.6-5.3 5.5 5.3 5.6-5.3 5.5 5.3 5.6-5.3 5.4 5.4h.2l5.6-5.4 5.5 5.3 5.6-5.3 5.5 5.3 5.6-5.3 5.4 5.3 5.6-5.3 5.5 5.4h.2L750 .4l5.5 5.3 5.6-5.3 5.4 5.3 5.7-5.3 5.4 5.3 5.6-5.3 5.5 5.3 5.6-5.3 5.5 5.4h.1l5.7-5.4 5.4 5.3 5.6-5.3 5.5 5.3 5.6-5.3 5.5 5.3 5.6-5.3 5.4 5.4h.2L850 .4l5.5 5.3 5.6-5.3 5.5 5.3 5.6-5.3 5.4 5.3 5.6-5.3 5.5 5.3 5.6-5.3 5.5 5.4h.2l5.6-5.4 5.4 5.3 5.7-5.3 5.4 5.3 5.6-5.3 5.5 5.3 5.6-5.3 5.5 5.4h.1l5.7-5.4 5.4 5.3 5.6-5.3 5.5 5.3 5.6-5.3 5.5 5.3 5.6-5.3 5.4 5.3 5.6-5.3 5.5 5.4h.2l5.6-5.4 5.5 5.3 5.6-5.3 5.4 5.3 5.6-5.3 5.5 5.3 5.6-5.3 5.5 5.4h.2l5.6-5.4 5.4 5.3 5.7-5.3 5.4 5.3 5.6-5.3 5.5 5.3 5.6-5.3 5.5 5.3 5.6-5.3 5.4 5.4h.2l5.6-5.4 5.5 5.3 5.6-5.3 5.5 5.3 5.6-5.3 5.4 5.3 5.6-5.3 5.5 5.4h.2l5.6-5.4 5.5 5.3 5.6-5.3 5.4 5.3 5.6-5.3 5.5 5.3 5.6-5.3 5.5 5.3 5.6-5.3 5.5 5.4h.1l5.7-5.4 5.4 5.3 5.6-5.3 5.5 5.3 5.6-5.3 5.5 5.3 5.6-5.3 5.4 5.4h.2l5.6-5.4 5.5 5.3 5.6-5.3 5.5 5.3 5.6-5.3 5.4 5.3 5.6-5.3 5.5 5.3 5.6-5.3 5.5 5.4h.2l5.6-5.4 5.4 5.3 5.6-5.3 5.5 5.3 5.6-5.3 5.5 5.3 5.6-5.3 5.5 5.4h.1l5.7-5.4 5.4 5.3 5.6-5.3 5.5 5.3 5.6-5.3 5.5 5.3 5.6-5.3 5.4 5.3 5.6-5.3 5.5 5.4h.2l5.6-5.4 5.5 5.3 5.6-5.3 5.4 5.3 5.6-5.3 5.5 5.3 5.6-5.3 5.5 5.4h.2l5.6-5.4 5.4 5.3 5.6-5.3 5.5 5.3 5.6-5.3 5.5 5.3 5.6-5.3 5.4 5.3 5.7-5.3 5.4 5.4h.2l5.6-5.4 5.5 5.3 5.6-5.3 5.5 5.3 5.6-5.3 5.4 5.3 5.6-5.3 5.5 5.4h.2l5.6-5.4 5.5 5.3 5.6-5.3 5.4 5.3 5.6-5.3 5.5 5.3 5.6-5.3 5.5 5.3 5.6-5.3 5.5 5.4h.1l5.6-5.4 5.5 5.3 5.6-5.3 5.5 5.3 5.6-5.3 5.4 5.3 5.7-5.3 5.4 5.4h.2l5.6-5.4 5.5 5.3 5.6-5.3 5.5 5.3 5.6-5.3 5.4 5.3 5.6-5.3 5.5 5.3 5.6-5.3 5.5 5.4h.1l5.7-5.4 5.4 5.3 5.6-5.3 5.5 5.3 5.6-5.3 5.5 5.3 5.6-5.3 5.5 5.4h.1l5.6-5.4 5.5 5.3 5.6-5.3 5.5 5.3 5.6-5.3 5.4 5.3 5.7-5.3 5.4 5.3 5.6-5.3 5.5 5.4V0H-.2v5.8z\"\/>\n<\/svg>\n\t\t<\/div>\n\t\t\t\t\t<div class=\"elementor-container elementor-column-gap-default\">\n\t\t\t\t\t<div class=\"elementor-column elementor-col-100 elementor-top-column elementor-element elementor-element-b864512\" data-id=\"b864512\" data-element_type=\"column\">\n\t\t\t<div class=\"elementor-widget-wrap elementor-element-populated\">\n\t\t\t\t\t\t<section class=\"elementor-section elementor-inner-section elementor-element elementor-element-e57692f elementor-section-content-middle elementor-section-boxed elementor-section-height-default elementor-section-height-default\" data-id=\"e57692f\" data-element_type=\"section\">\n\t\t\t\t\t\t<div class=\"elementor-container elementor-column-gap-default\">\n\t\t\t\t\t<div class=\"elementor-column elementor-col-100 elementor-inner-column elementor-element elementor-element-5bfa4c0 animated-fast elementor-invisible\" data-id=\"5bfa4c0\" data-element_type=\"column\" data-settings=\"{&quot;animation&quot;:&quot;fadeInUp&quot;}\">\n\t\t\t<div class=\"elementor-widget-wrap elementor-element-populated\">\n\t\t\t\t\t\t<div class=\"elementor-element elementor-element-0949b16 elementor-widget elementor-widget-heading\" data-id=\"0949b16\" data-element_type=\"widget\" data-widget_type=\"heading.default\">\n\t\t\t\t<div class=\"elementor-widget-container\">\n\t\t\t\t\t<h4 class=\"elementor-heading-title elementor-size-default\">Asocia\u0163ia de Hipnoterapie \u015fi Psihoterapie Cognitiv-Comportamental\u0103 (AHPCC) \u00ee\u015fi propune urm\u0103toarele obiective:\n\n<\/h4>\t\t\t\t<\/div>\n\t\t\t\t<\/div>\n\t\t\t\t<div class=\"elementor-element elementor-element-efefcdf elementor-icon-list--layout-traditional elementor-list-item-link-full_width elementor-widget elementor-widget-icon-list\" data-id=\"efefcdf\" data-element_type=\"widget\" data-widget_type=\"icon-list.default\">\n\t\t\t\t<div class=\"elementor-widget-container\">\n\t\t\t\t\t\t\t<ul class=\"elementor-icon-list-items\">\n\t\t\t\t\t\t\t<li class=\"elementor-icon-list-item\">\n\t\t\t\t\t\t\t\t\t\t\t<span class=\"elementor-icon-list-icon\">\n\t\t\t\t\t\t\t<i aria-hidden=\"true\" class=\"fas fa-check\"><\/i>\t\t\t\t\t\t<\/span>\n\t\t\t\t\t\t\t\t\t\t<span class=\"elementor-icon-list-text\">promovarea psihologiei clinice, consilierii psihologice cognitiv-comportamentale, hipnoterapiei \u015fi psihoterapiei cognitiv-comportamentale \u00een toate domeniile \u00een care aplicarea lor este util\u0103, \u00een acord cu standardele interna\u0163ionale de bun\u0103 practic\u0103; <\/span>\n\t\t\t\t\t\t\t\t\t<\/li>\n\t\t\t\t\t\t\t\t<li class=\"elementor-icon-list-item\">\n\t\t\t\t\t\t\t\t\t\t\t<span class=\"elementor-icon-list-icon\">\n\t\t\t\t\t\t\t<i aria-hidden=\"true\" class=\"fas fa-check\"><\/i>\t\t\t\t\t\t<\/span>\n\t\t\t\t\t\t\t\t\t\t<span class=\"elementor-icon-list-text\">promovarea cercet\u0103rii \u015ftiin\u0163ifice fundamentale \u015fi aplicative \u00een psihoterapia cognitiv-comportamental\u0103 \u015fi hipnoterapie;<\/span>\n\t\t\t\t\t\t\t\t\t<\/li>\n\t\t\t\t\t\t\t\t<li class=\"elementor-icon-list-item\">\n\t\t\t\t\t\t\t\t\t\t\t<span class=\"elementor-icon-list-icon\">\n\t\t\t\t\t\t\t<i aria-hidden=\"true\" class=\"fas fa-check\"><\/i>\t\t\t\t\t\t<\/span>\n\t\t\t\t\t\t\t\t\t\t<span class=\"elementor-icon-list-text\">promovarea psihodiagnosticului \u015fi a interven\u0163iilor psihologice validate \u015ftiin\u0163ific care au \u00een vedere sus\u0163inerea s\u0103n\u0103t\u0103\u0163ii \u015fi tratamentul tulbur\u0103rilor psihice la copii, adolescen\u0163i, adul\u0163i \u015fi v\u00e2rsta a treia (fiind incluse numeroase strategii actuale de terapii cognitive,  comportamentale \u015fi terapii bazate pe relaxare \u015fi hipnoz\u0103: terapia comportamental\u0103, terapia ra\u0163ional-emotiv\u0103 \u015fi comportamental\u0103, terapia cognitiv\u0103, terapia bazat\u0103 pe acceptare \u015fi angajament, terapia cognitiv\u0103 bazat\u0103 pe mindfulness, hipnoza clinic\u0103, relaxare \u015fi terapia ericksonian\u0103, terapia metacognitiv\u0103, terapia multimodal\u0103, terapia dialectic-comportamental\u0103, terapia centrat\u0103 pe scheme cognitive, terapia cognitiv-constructivist\u0103, terapia alegerilor realiste  etc);  <\/span>\n\t\t\t\t\t\t\t\t\t<\/li>\n\t\t\t\t\t\t\t\t<li class=\"elementor-icon-list-item\">\n\t\t\t\t\t\t\t\t\t\t\t<span class=\"elementor-icon-list-icon\">\n\t\t\t\t\t\t\t<i aria-hidden=\"true\" class=\"fas fa-check\"><\/i>\t\t\t\t\t\t<\/span>\n\t\t\t\t\t\t\t\t\t\t<span class=\"elementor-icon-list-text\">asigurarea form\u0103rii \u015fi educa\u0163iei \u00een domeniul hipnoterapiei \u015fi psihoterapiei cognitiv-comportamentale pentru cei care doresc o calificare profesional\u0103 \u00een acest domeniu, conform standardelor europene \u015fi interna\u0163ionale; <\/span>\n\t\t\t\t\t\t\t\t\t<\/li>\n\t\t\t\t\t\t\t\t<li class=\"elementor-icon-list-item\">\n\t\t\t\t\t\t\t\t\t\t\t<span class=\"elementor-icon-list-icon\">\n\t\t\t\t\t\t\t<i aria-hidden=\"true\" class=\"fas fa-check\"><\/i>\t\t\t\t\t\t<\/span>\n\t\t\t\t\t\t\t\t\t\t<span class=\"elementor-icon-list-text\">organizarea de programe formative de baz\u0103 (formare ini\u0163ial\u0103) \u015fi de formare profesional\u0103 continu\u0103;<\/span>\n\t\t\t\t\t\t\t\t\t<\/li>\n\t\t\t\t\t\t\t\t<li class=\"elementor-icon-list-item\">\n\t\t\t\t\t\t\t\t\t\t\t<span class=\"elementor-icon-list-icon\">\n\t\t\t\t\t\t\t<i aria-hidden=\"true\" class=\"fas fa-check\"><\/i>\t\t\t\t\t\t<\/span>\n\t\t\t\t\t\t\t\t\t\t<span class=\"elementor-icon-list-text\">promovarea unor standarde ridicate de competen\u0163\u0103 \u015fi de etic\u0103 profesional\u0103;<\/span>\n\t\t\t\t\t\t\t\t\t<\/li>\n\t\t\t\t\t\t\t\t<li class=\"elementor-icon-list-item\">\n\t\t\t\t\t\t\t\t\t\t\t<span class=\"elementor-icon-list-icon\">\n\t\t\t\t\t\t\t<i aria-hidden=\"true\" class=\"fas fa-check\"><\/i>\t\t\t\t\t\t<\/span>\n\t\t\t\t\t\t\t\t\t\t<span class=\"elementor-icon-list-text\">ap\u0103rarea demnit\u0103\u0163ii, drepturilor \u015fi intereselor membrilor s\u0103i \u00een fa\u0163a rigorilor legii, prin informare asupra legisla\u0163iei referitoare la exercitarea activit\u0103\u0163ii de consiliere psihologic\u0103 \u015fi psihoterapie; <\/span>\n\t\t\t\t\t\t\t\t\t<\/li>\n\t\t\t\t\t\t\t\t<li class=\"elementor-icon-list-item\">\n\t\t\t\t\t\t\t\t\t\t\t<span class=\"elementor-icon-list-icon\">\n\t\t\t\t\t\t\t<i aria-hidden=\"true\" class=\"fas fa-check\"><\/i>\t\t\t\t\t\t<\/span>\n\t\t\t\t\t\t\t\t\t\t<span class=\"elementor-icon-list-text\">organizarea de manifest\u0103ri \u015ftiin\u0163ifice \u015fi profesionale, workshop-uri, conferin\u0163e na\u0163ionale \u015fi interna\u0163ionale; <\/span>\n\t\t\t\t\t\t\t\t\t<\/li>\n\t\t\t\t\t\t\t\t<li class=\"elementor-icon-list-item\">\n\t\t\t\t\t\t\t\t\t\t\t<span class=\"elementor-icon-list-icon\">\n\t\t\t\t\t\t\t<i aria-hidden=\"true\" class=\"fas fa-check\"><\/i>\t\t\t\t\t\t<\/span>\n\t\t\t\t\t\t\t\t\t\t<span class=\"elementor-icon-list-text\">stimularea schimburilor \u015fi contactelor \u015ftiin\u0163ifice interne \u015fi interna\u0163ionale; <\/span>\n\t\t\t\t\t\t\t\t\t<\/li>\n\t\t\t\t\t\t\t\t<li class=\"elementor-icon-list-item\">\n\t\t\t\t\t\t\t\t\t\t\t<span class=\"elementor-icon-list-icon\">\n\t\t\t\t\t\t\t<i aria-hidden=\"true\" class=\"fas fa-check\"><\/i>\t\t\t\t\t\t<\/span>\n\t\t\t\t\t\t\t\t\t\t<span class=\"elementor-icon-list-text\">demararea \u015fi desf\u0103\u015furarea, \u00een calitate de partener, a unor proiecte de ini\u0163iere \u015fi de formare continu\u0103 \u00een domeniul aspectelor psihologice specifice diverselor activit\u0103\u0163i profesionale; <\/span>\n\t\t\t\t\t\t\t\t\t<\/li>\n\t\t\t\t\t\t\t\t<li class=\"elementor-icon-list-item\">\n\t\t\t\t\t\t\t\t\t\t\t<span class=\"elementor-icon-list-icon\">\n\t\t\t\t\t\t\t<i aria-hidden=\"true\" class=\"fas fa-check\"><\/i>\t\t\t\t\t\t<\/span>\n\t\t\t\t\t\t\t\t\t\t<span class=\"elementor-icon-list-text\">asigurarea inform\u0103rii publicului larg \u015fi a profesioni\u015ftilor din domeniul s\u0103n\u0103t\u0103\u0163ii mintale cu privire la psihoterapia cognitiv-comportamental\u0103 \u015fi hipnoterapie, prin editarea de buletine de informare, c\u0103r\u0163i de specialitate, articole \u015ftiin\u0163ifice etc. <\/span>\n\t\t\t\t\t\t\t\t\t<\/li>\n\t\t\t\t\t\t<\/ul>\n\t\t\t\t\t\t<\/div>\n\t\t\t\t<\/div>\n\t\t\t\t\t<\/div>\n\t\t<\/div>\n\t\t\t\t\t<\/div>\n\t\t<\/section>\n\t\t\t\t\t<\/div>\n\t\t<\/div>\n\t\t\t\t\t<\/div>\n\t\t<\/section>\n\t\t\t\t<section class=\"elementor-section elementor-top-section elementor-element elementor-element-1e617de elementor-section-boxed elementor-section-height-default elementor-section-height-default\" data-id=\"1e617de\" data-element_type=\"section\">\n\t\t\t\t\t\t<div class=\"elementor-container elementor-column-gap-default\">\n\t\t\t\t\t<div class=\"elementor-column elementor-col-100 elementor-top-column elementor-element elementor-element-21ae106\" data-id=\"21ae106\" data-element_type=\"column\">\n\t\t\t<div class=\"elementor-widget-wrap elementor-element-populated\">\n\t\t\t\t\t\t<div class=\"elementor-element elementor-element-2753d58 elementor-widget elementor-widget-text-editor\" data-id=\"2753d58\" data-element_type=\"widget\" data-widget_type=\"text-editor.default\">\n\t\t\t\t<div class=\"elementor-widget-container\">\n\t\t\t\t\t\t\t\t\t<p>\u00cen cadrul Asocia\u0163iei de Hipnoterapie \u015fi Psihoterapie Cognitiv-Comportamental\u0103 se organizeaz\u0103 cursuri de formare \u015fi dezvoltare personal\u0103 pentru viitorii consilieri psihologici, psihologi clinicieni \u015fi psihoterapeu\u0163i specializa\u0163i \u00een hipnoterapie \u015fi psihoterapie cognitiv-comportamental\u0103.<\/p><p>Formarea de consilieri psihologici, psihoterapeu\u0163i \u015fi psihologi clinicieni se desf\u0103\u015foar\u0103 \u00een acord cu normele impuse de Colegiul Psihologilor din Rom\u00e2nia, precum \u015fi de EAP (Asocia\u0163ia European\u0103 de Psihoterapie).<\/p><p>Formarea de baz\u0103 \u00een hipnoterapie \u015fi psihoterapie cognitiv-comportamental\u0103 include \u015fi formarea \u00een cadrul masterului de Psihoterapii Cognitiv-Comportamentale din cadrul Facult\u0103\u0163ii de Psihologie, Universitatea Titu Maiorescu, Bucure\u015fti. Acest tip de cursuri este destinat absolven\u0163ilor cu studii superioare de psihologie \u015fi alte facult\u0103\u0163i asimilate (medicin\u0103, psihopedagogie, filosofie, teologie, asisten\u0163\u0103 social\u0103). \u00a0<\/p><p>Programele formative de baz\u0103, precum \u015fi cele de formare profesional\u0103 continu\u0103 realizate \u00een cadrul Asocia\u0163iei de Hipnoterapie \u015fi Psihoterapie Cognitiv-Comportamental\u0103, \u00ee\u015fi propun s\u0103 asigure baza de cuno\u015ftin\u0163e necesare practic\u0103rii \u00een \u00a0bune condi\u0163ii a acestor psihoterapii, conform programelor \u00een curs de la institutele de formare similare din str\u0103in\u0103tate.<\/p><p>De asemenea, se creeaz\u0103 un cadru institu\u0163ional pentru colaborarea cu diverse Asocia\u0163ii de Psihoterapie interna\u0163ionale care vor fi invitate s\u0103 participe \u00een cadrul unor module de formare profesional\u0103 intensiv\u0103. Ca scop practic, aceste programe formative organizate \u00een cadrul Asociatiei de Hipnoterapie si Psihoterapie Cognitiv-Comportamental\u0103 (AHPCC) vor permite ob\u0163inerea abilit\u0103\u0163ilor teoretice \u015fi practice pentru acreditarea na\u0163ional\u0103 \u015fi interna\u0163ional\u0103 ca psiholog clinician, consilier psihologic \u015fi psihoterapeut \u00een specializ\u0103rile hipnoterapie \u015fi psihoterapie cognitiv-comportamental\u0103.<\/p><p>\u00a0<\/p>\t\t\t\t\t\t\t\t<\/div>\n\t\t\t\t<\/div>\n\t\t\t\t\t<\/div>\n\t\t<\/div>\n\t\t\t\t\t<\/div>\n\t\t<\/section>\n\t\t\t\t<\/div>","protected":false},"excerpt":{"rendered":"<p>Asocia\u0163ia de Hipnoterapie \u015fi Psihoterapie Cognitiv-Comportamental\u0103 (AHPCC) a fost \u00eenfiin\u0163at\u0103 \u00een anul 2006 ca asocia\u0163ie profesional\u0103 \u015fi are ca scop [&hellip;]<\/p>","protected":false},"author":1,"featured_media":0,"parent":0,"menu_order":0,"comment_status":"closed","ping_status":"closed","template":"page-full-width.php","meta":{"footnotes":""},"class_list":["post-13922","page","type-page","status-publish","hentry"],"yoast_head":"<!-- This site is optimized with the Yoast SEO plugin v26.4 - https:\/\/yoast.com\/wordpress\/plugins\/seo\/ -->\n<title>Despre noi - AHPCC<\/title>\n<meta name=\"robots\" content=\"index, follow, max-snippet:-1, max-image-preview:large, max-video-preview:-1\" \/>\n<link rel=\"canonical\" href=\"https:\/\/ahpcc.ro\/en\/despre-noi\/\" \/>\n<meta property=\"og:locale\" content=\"en_US\" \/>\n<meta property=\"og:type\" content=\"article\" \/>\n<meta property=\"og:title\" content=\"Despre noi - AHPCC\" \/>\n<meta property=\"og:description\" content=\"Asocia\u0163ia de Hipnoterapie \u015fi Psihoterapie Cognitiv-Comportamental\u0103 (AHPCC) a fost \u00eenfiin\u0163at\u0103 \u00een anul 2006 ca asocia\u0163ie profesional\u0103 \u015fi are ca scop [&hellip;]\" \/>\n<meta property=\"og:url\" content=\"https:\/\/ahpcc.ro\/en\/despre-noi\/\" \/>\n<meta property=\"og:site_name\" content=\"AHPCC\" \/>\n<meta property=\"article:publisher\" content=\"https:\/\/www.facebook.com\/ahpcc.ro\/\" \/>\n<meta property=\"article:modified_time\" content=\"2025-11-24T12:19:26+00:00\" \/>\n<meta property=\"og:image\" content=\"https:\/\/ahpcc.ro\/wp-content\/uploads\/2022\/03\/logo_ahpcc.png\" \/>\n\t<meta property=\"og:image:width\" content=\"110\" \/>\n\t<meta property=\"og:image:height\" content=\"110\" \/>\n\t<meta property=\"og:image:type\" content=\"image\/png\" \/>\n<meta name=\"twitter:card\" content=\"summary_large_image\" \/>\n<meta name=\"twitter:label1\" content=\"Est. reading time\" \/>\n\t<meta name=\"twitter:data1\" content=\"3 minutes\" \/>\n<script type=\"application\/ld+json\" class=\"yoast-schema-graph\">{\"@context\":\"https:\/\/schema.org\",\"@graph\":[{\"@type\":\"WebPage\",\"@id\":\"https:\/\/ahpcc.ro\/despre-noi\/\",\"url\":\"https:\/\/ahpcc.ro\/despre-noi\/\",\"name\":\"Despre noi - AHPCC\",\"isPartOf\":{\"@id\":\"https:\/\/ahpcc.ro\/#website\"},\"datePublished\":\"2022-03-29T14:17:11+00:00\",\"dateModified\":\"2025-11-24T12:19:26+00:00\",\"breadcrumb\":{\"@id\":\"https:\/\/ahpcc.ro\/despre-noi\/#breadcrumb\"},\"inLanguage\":\"en-US\",\"potentialAction\":[{\"@type\":\"ReadAction\",\"target\":[\"https:\/\/ahpcc.ro\/despre-noi\/\"]}]},{\"@type\":\"BreadcrumbList\",\"@id\":\"https:\/\/ahpcc.ro\/despre-noi\/#breadcrumb\",\"itemListElement\":[{\"@type\":\"ListItem\",\"position\":1,\"name\":\"Prima pagin\u0103\",\"item\":\"https:\/\/ahpcc.ro\/\"},{\"@type\":\"ListItem\",\"position\":2,\"name\":\"Despre noi\"}]},{\"@type\":\"WebSite\",\"@id\":\"https:\/\/ahpcc.ro\/#website\",\"url\":\"https:\/\/ahpcc.ro\/\",\"name\":\"AHPCC\",\"description\":\"Asociatia de Hipnoterapie si Psihoterapie Cognitiv-Comportamentala\",\"publisher\":{\"@id\":\"https:\/\/ahpcc.ro\/#organization\"},\"potentialAction\":[{\"@type\":\"SearchAction\",\"target\":{\"@type\":\"EntryPoint\",\"urlTemplate\":\"https:\/\/ahpcc.ro\/?s={search_term_string}\"},\"query-input\":{\"@type\":\"PropertyValueSpecification\",\"valueRequired\":true,\"valueName\":\"search_term_string\"}}],\"inLanguage\":\"en-US\"},{\"@type\":\"Organization\",\"@id\":\"https:\/\/ahpcc.ro\/#organization\",\"name\":\"AHPCC\",\"url\":\"https:\/\/ahpcc.ro\/\",\"logo\":{\"@type\":\"ImageObject\",\"inLanguage\":\"en-US\",\"@id\":\"https:\/\/ahpcc.ro\/#\/schema\/logo\/image\/\",\"url\":\"https:\/\/ahpcc.ro\/wp-content\/uploads\/2022\/03\/logo_ahpcc.png\",\"contentUrl\":\"https:\/\/ahpcc.ro\/wp-content\/uploads\/2022\/03\/logo_ahpcc.png\",\"width\":110,\"height\":110,\"caption\":\"AHPCC\"},\"image\":{\"@id\":\"https:\/\/ahpcc.ro\/#\/schema\/logo\/image\/\"},\"sameAs\":[\"https:\/\/www.facebook.com\/ahpcc.ro\/\"]}]}<\/script>\n<!-- \/ Yoast SEO plugin. -->","yoast_head_json":{"title":"Despre noi - AHPCC","robots":{"index":"index","follow":"follow","max-snippet":"max-snippet:-1","max-image-preview":"max-image-preview:large","max-video-preview":"max-video-preview:-1"},"canonical":"https:\/\/ahpcc.ro\/en\/despre-noi\/","og_locale":"en_US","og_type":"article","og_title":"Despre noi - AHPCC","og_description":"Asocia\u0163ia de Hipnoterapie \u015fi Psihoterapie Cognitiv-Comportamental\u0103 (AHPCC) a fost \u00eenfiin\u0163at\u0103 \u00een anul 2006 ca asocia\u0163ie profesional\u0103 \u015fi are ca scop [&hellip;]","og_url":"https:\/\/ahpcc.ro\/en\/despre-noi\/","og_site_name":"AHPCC","article_publisher":"https:\/\/www.facebook.com\/ahpcc.ro\/","article_modified_time":"2025-11-24T12:19:26+00:00","og_image":[{"width":110,"height":110,"url":"https:\/\/ahpcc.ro\/wp-content\/uploads\/2022\/03\/logo_ahpcc.png","type":"image\/png"}],"twitter_card":"summary_large_image","twitter_misc":{"Est. reading time":"3 minutes"},"schema":{"@context":"https:\/\/schema.org","@graph":[{"@type":"WebPage","@id":"https:\/\/ahpcc.ro\/despre-noi\/","url":"https:\/\/ahpcc.ro\/despre-noi\/","name":"Despre noi - AHPCC","isPartOf":{"@id":"https:\/\/ahpcc.ro\/#website"},"datePublished":"2022-03-29T14:17:11+00:00","dateModified":"2025-11-24T12:19:26+00:00","breadcrumb":{"@id":"https:\/\/ahpcc.ro\/despre-noi\/#breadcrumb"},"inLanguage":"en-US","potentialAction":[{"@type":"ReadAction","target":["https:\/\/ahpcc.ro\/despre-noi\/"]}]},{"@type":"BreadcrumbList","@id":"https:\/\/ahpcc.ro\/despre-noi\/#breadcrumb","itemListElement":[{"@type":"ListItem","position":1,"name":"Prima pagin\u0103","item":"https:\/\/ahpcc.ro\/"},{"@type":"ListItem","position":2,"name":"Despre noi"}]},{"@type":"WebSite","@id":"https:\/\/ahpcc.ro\/#website","url":"https:\/\/ahpcc.ro\/","name":"AHPCC","description":"Asociatia de Hipnoterapie si Psihoterapie Cognitiv-Comportamentala","publisher":{"@id":"https:\/\/ahpcc.ro\/#organization"},"potentialAction":[{"@type":"SearchAction","target":{"@type":"EntryPoint","urlTemplate":"https:\/\/ahpcc.ro\/?s={search_term_string}"},"query-input":{"@type":"PropertyValueSpecification","valueRequired":true,"valueName":"search_term_string"}}],"inLanguage":"en-US"},{"@type":"Organization","@id":"https:\/\/ahpcc.ro\/#organization","name":"AHPCC","url":"https:\/\/ahpcc.ro\/","logo":{"@type":"ImageObject","inLanguage":"en-US","@id":"https:\/\/ahpcc.ro\/#\/schema\/logo\/image\/","url":"https:\/\/ahpcc.ro\/wp-content\/uploads\/2022\/03\/logo_ahpcc.png","contentUrl":"https:\/\/ahpcc.ro\/wp-content\/uploads\/2022\/03\/logo_ahpcc.png","width":110,"height":110,"caption":"AHPCC"},"image":{"@id":"https:\/\/ahpcc.ro\/#\/schema\/logo\/image\/"},"sameAs":["https:\/\/www.facebook.com\/ahpcc.ro\/"]}]}},"_links":{"self":[{"href":"https:\/\/ahpcc.ro\/en\/wp-json\/wp\/v2\/pages\/13922","targetHints":{"allow":["GET"]}}],"collection":[{"href":"https:\/\/ahpcc.ro\/en\/wp-json\/wp\/v2\/pages"}],"about":[{"href":"https:\/\/ahpcc.ro\/en\/wp-json\/wp\/v2\/types\/page"}],"author":[{"embeddable":true,"href":"https:\/\/ahpcc.ro\/en\/wp-json\/wp\/v2\/users\/1"}],"replies":[{"embeddable":true,"href":"https:\/\/ahpcc.ro\/en\/wp-json\/wp\/v2\/comments?post=13922"}],"version-history":[{"count":31,"href":"https:\/\/ahpcc.ro\/en\/wp-json\/wp\/v2\/pages\/13922\/revisions"}],"predecessor-version":[{"id":14896,"href":"https:\/\/ahpcc.ro\/en\/wp-json\/wp\/v2\/pages\/13922\/revisions\/14896"}],"wp:attachment":[{"href":"https:\/\/ahpcc.ro\/en\/wp-json\/wp\/v2\/media?parent=13922"}],"curies":[{"name":"wp","href":"https:\/\/api.w.org\/{rel}","templated":true}]}}